{"id":26,"date":"2024-05-06T11:14:22","date_gmt":"2024-05-06T09:14:22","guid":{"rendered":"https:\/\/bolarin.es\/?page_id=26"},"modified":"2025-06-20T14:35:01","modified_gmt":"2025-06-20T12:35:01","slug":"26-2","status":"publish","type":"page","link":"https:\/\/bolarin.es\/es\/","title":{"rendered":"Inicio"},"content":{"rendered":"<p>[et_pb_section fb_built=\u00bb1&#8243; admin_label=\u00bbHeader\u00bb _builder_version=\u00bb4.25.0&#8243; _module_preset=\u00bbdefault\u00bb background_enable_image=\u00bboff\u00bb parallax=\u00bbon\u00bb min_height=\u00bb620.3px\u00bb custom_padding=\u00bb0vw||0vw||false|false\u00bb border_radii=\u00bboff|||3vw|3vw\u00bb collapsed=\u00bboff\u00bb global_colors_info=\u00bb{}\u00bb][et_pb_row _builder_version=\u00bb4.25.0&#8243; _module_preset=\u00bbdefault\u00bb width=\u00bb100%\u00bb max_width=\u00bb2560px\u00bb custom_padding=\u00bb0px|||||\u00bb global_colors_info=\u00bb{}\u00bb][et_pb_column type=\u00bb4_4&#8243; _builder_version=\u00bb4.22.0&#8243; _module_preset=\u00bbdefault\u00bb global_colors_info=\u00bb{}\u00bb][et_pb_slider _builder_version=\u00bb4.25.0&#8243; _module_preset=\u00bbdefault\u00bb header_text_color=\u00bb#000000&#8243; header_font_size=\u00bb80px\u00bb background_enable_color=\u00bboff\u00bb use_background_color_gradient=\u00bboff\u00bb background_enable_image=\u00bboff\u00bb custom_margin=\u00bb0px||32px|||\u00bb auto=\u00bbon\u00bb header_font_size_tablet=\u00bb80px\u00bb header_font_size_phone=\u00bb80px\u00bb header_font_size_last_edited=\u00bbon|tablet\u00bb border_radii_image=\u00bbon|20px|20px|20px|20px\u00bb border_width_all_image=\u00bb1px\u00bb border_color_all_image=\u00bb#000000&#8243; global_colors_info=\u00bb{}\u00bb background__hover_enabled=\u00bboff|desktop\u00bb min_height=\u00bb706.2px\u00bb][et_pb_slide heading=\u00bbCalderer\u00eda industrial\u00bb _builder_version=\u00bb4.25.0&#8243; _module_preset=\u00bbdefault\u00bb header_level=\u00bbh1&#8243; header_font=\u00bb|800|||||||\u00bb header_text_color=\u00bb#FFFFFF\u00bb header_font_size=\u00bb80px\u00bb background_enable_color=\u00bboff\u00bb background_image=\u00bbhttps:\/\/bolarin.es\/wp-content\/uploads\/2025\/04\/Campana-05.jpg\u00bb background_enable_image=\u00bbon\u00bb header_font_size_tablet=\u00bb80px\u00bb header_font_size_phone=\u00bb40px\u00bb header_font_size_last_edited=\u00bbon|phone\u00bb global_colors_info=\u00bb{%22gcid-primary-color%22:%91%22background_color%22%93}\u00bb sticky_transition=\u00bbon\u00bb][\/et_pb_slide][et_pb_slide heading=\u00bbMantenimiento industrial\u00bb _builder_version=\u00bb4.25.0&#8243; _module_preset=\u00bbdefault\u00bb header_font=\u00bb|800|||||||\u00bb header_text_color=\u00bb#FFFFFF\u00bb header_font_size=\u00bb80px\u00bb body_font=\u00bb||||||||\u00bb body_text_color=\u00bb#FFFFFF\u00bb background_enable_color=\u00bboff\u00bb background_image=\u00bbhttps:\/\/bolarin.es\/wp-content\/uploads\/2024\/06\/slider-disseny.jpg\u00bb background_enable_image=\u00bbon\u00bb header_font_size_tablet=\u00bb60px\u00bb header_font_size_phone=\u00bb35px\u00bb header_font_size_last_edited=\u00bbon|phone\u00bb global_colors_info=\u00bb{%22gcid-primary-color%22:%91%22background_color%22%93}\u00bb sticky_transition=\u00bbon\u00bb][\/et_pb_slide][et_pb_slide heading=\u00bbDise\u00f1o y fabricaci\u00f3n a medida\u00bb _builder_version=\u00bb4.25.0&#8243; _module_preset=\u00bbdefault\u00bb header_font=\u00bb|800|||||||\u00bb header_text_color=\u00bb#FFFFFF\u00bb header_font_size=\u00bb80px\u00bb background_enable_color=\u00bboff\u00bb background_image=\u00bbhttps:\/\/bolarin.es\/wp-content\/uploads\/2024\/06\/slider-projecte.jpg\u00bb background_enable_image=\u00bbon\u00bb header_font_size_tablet=\u00bb80px\u00bb header_font_size_phone=\u00bb40px\u00bb header_font_size_last_edited=\u00bbon|phone\u00bb global_colors_info=\u00bb{%22gcid-primary-color%22:%91%22background_color%22%93}\u00bb sticky_transition=\u00bbon\u00bb][\/et_pb_slide][\/et_pb_slider][\/et_pb_column][\/et_pb_row][\/et_pb_section][et_pb_section fb_built=\u00bb1&#8243; admin_label=\u00bbAbout\u00bb _builder_version=\u00bb4.24.0&#8243; _module_preset=\u00bbdefault\u00bb custom_margin=\u00bb-58px|||||\u00bb custom_padding=\u00bb54px|||||\u00bb collapsed=\u00bbon\u00bb global_colors_info=\u00bb{}\u00bb][et_pb_row column_structure=\u00bb1_2,1_2&#8243; _builder_version=\u00bb4.25.0&#8243; _module_preset=\u00bbdefault\u00bb max_width=\u00bb1800px\u00bb global_colors_info=\u00bb{}\u00bb][et_pb_column type=\u00bb1_2&#8243; _builder_version=\u00bb4.22.0&#8243; _module_preset=\u00bbdefault\u00bb global_colors_info=\u00bb{}\u00bb][et_pb_icon font_icon=\u00bb&#xf542;||fa||900&#8243; icon_color=\u00bbgcid-primary-color\u00bb _builder_version=\u00bb4.25.0&#8243; _module_preset=\u00bbdefault\u00bb global_colors_info=\u00bb{%22gcid-primary-color%22:%91%22icon_color%22%93}\u00bb][\/et_pb_icon][et_pb_text _builder_version=\u00bb4.25.0&#8243; _module_preset=\u00bbccbe8343-1360-42c1-b739-ac4885615d93&#8243; custom_margin=\u00bb||0px||false|false\u00bb locked=\u00bboff\u00bb global_colors_info=\u00bb{}\u00bb]<\/p>\n<h5><span>Entendemos que cada proyecto es \u00fanico.\u00a0<\/span><\/h5>\n<p>[\/et_pb_text][et_pb_text _builder_version=\u00bb4.25.0&#8243; _module_preset=\u00bbdefault\u00bb text_font=\u00bbRoboto||||||||\u00bb text_font_size=\u00bb16px\u00bb global_colors_info=\u00bb{}\u00bb]<\/p>\n<p><span>Por eso, ofrecemos un servicio integral que abarca todas las fases del desarrollo: desde la idea inicial hasta la puesta en marcha final. Nuestro equipo trabaja codo a codo con cada cliente para entender sus necesidades, resolver cualquier reto t\u00e9cnico y asegurar que el resultado supere sus expectativas.<\/span><\/p>\n<p>[\/et_pb_text][et_pb_icon font_icon=\u00bb&#xf6de;||fa||900&#8243; icon_color=\u00bbgcid-primary-color\u00bb _builder_version=\u00bb4.25.0&#8243; _module_preset=\u00bbdefault\u00bb global_colors_info=\u00bb{%22gcid-primary-color%22:%91%22icon_color%22%93}\u00bb][\/et_pb_icon][et_pb_text _builder_version=\u00bb4.25.0&#8243; _module_preset=\u00bbccbe8343-1360-42c1-b739-ac4885615d93&#8243; custom_margin=\u00bb||0px||false|false\u00bb locked=\u00bboff\u00bb global_colors_info=\u00bb{}\u00bb]<\/p>\n<h5><span>Contamos con un departamento de ingenier\u00eda propio altamente cualificado.<\/span><\/h5>\n<p>[\/et_pb_text][et_pb_text _builder_version=\u00bb4.25.0&#8243; _module_preset=\u00bbdefault\u00bb text_font=\u00bbRoboto||||||||\u00bb text_font_size=\u00bb16px\u00bb locked=\u00bboff\u00bb global_colors_info=\u00bb{}\u00bb]<\/p>\n<p><span>Encargado de la elaboraci\u00f3n de planos de construcci\u00f3n, documentaci\u00f3n t\u00e9cnica y la tramitaci\u00f3n de proyectos de legalizaci\u00f3n. Esta integraci\u00f3n nos permite ofrecer un servicio \u00e1gil, eficiente y totalmente adaptado a la normativa vigente.<\/span><\/p>\n<p>[\/et_pb_text][\/et_pb_column][et_pb_column type=\u00bb1_2&#8243; _builder_version=\u00bb4.22.0&#8243; _module_preset=\u00bbdefault\u00bb global_colors_info=\u00bb{}\u00bb][et_pb_image src=\u00bbhttps:\/\/bolarin.es\/wp-content\/uploads\/2025\/04\/IMG_5476_batcheditor_fotor-scaled.jpg\u00bb title_text=\u00bbIMG_5476_batcheditor_fotor\u00bb disabled_on=\u00bbon|on|off\u00bb _builder_version=\u00bb4.25.0&#8243; _module_preset=\u00bbdefault\u00bb width=\u00bb70%\u00bb module_alignment=\u00bbcenter\u00bb custom_margin=\u00bb|||123px||\u00bb border_radii=\u00bbon|10px|10px|10px|10px\u00bb global_colors_info=\u00bb{}\u00bb][\/et_pb_image][\/et_pb_column][\/et_pb_row][et_pb_row disabled_on=\u00bbon|on|off\u00bb _builder_version=\u00bb4.25.0&#8243; _module_preset=\u00bbdefault\u00bb width_tablet=\u00bb80%\u00bb width_phone=\u00bb80%\u00bb width_last_edited=\u00bbon|phone\u00bb max_width=\u00bb1800px\u00bb global_colors_info=\u00bb{}\u00bb][et_pb_column type=\u00bb4_4&#8243; _builder_version=\u00bb4.22.0&#8243; _module_preset=\u00bbdefault\u00bb global_colors_info=\u00bb{}\u00bb][et_pb_image src=\u00bbhttps:\/\/bolarin.es\/wp-content\/uploads\/2025\/04\/d7ccbdfe-cf69-449a-94d4-ce33033650c5.jpg\u00bb title_text=\u00bbd7ccbdfe-cf69-449a-94d4-ce33033650c5&#8243; align=\u00bbcenter\u00bb _builder_version=\u00bb4.25.0&#8243; _module_preset=\u00bbdefault\u00bb width=\u00bb55%\u00bb custom_margin=\u00bb||||false|false\u00bb custom_padding=\u00bb6%||6%||true|false\u00bb scroll_scaling_enable=\u00bbon\u00bb scroll_scaling=\u00bb0|100|100|100|90%|100|100&#8243; border_radii=\u00bbon|10px|10px|10px|10px\u00bb global_colors_info=\u00bb{}\u00bb][\/et_pb_image][et_pb_image src=\u00bbhttps:\/\/bolarin.es\/wp-content\/uploads\/2024\/05\/illustration-01@2x.png\u00bb title_text=\u00bbillustration-01@2x\u00bb disabled_on=\u00bbon|on|off\u00bb _builder_version=\u00bb4.25.0&#8243; _module_preset=\u00bbdefault\u00bb transform_translate=\u00bb100%|0px\u00bb transform_translate_linked=\u00bboff\u00bb positioning=\u00bbabsolute\u00bb width=\u00bb10%\u00bb filter_hue_rotate=\u00bb55deg\u00bb scroll_rotating_enable=\u00bbon\u00bb scroll_rotating=\u00bb0|50|50|100|40\u00b0|0|-40\u00b0\u00bb global_colors_info=\u00bb{}\u00bb][\/et_pb_image][et_pb_image src=\u00bbhttps:\/\/bolarin.es\/wp-content\/uploads\/2025\/04\/Captura-de-pantalla-2025-04-11-063647.png\u00bb title_text=\u00bbCaptura de pantalla 2025-04-11 063647&#8243; disabled_on=\u00bbon|on|off\u00bb _builder_version=\u00bb4.25.0&#8243; _module_preset=\u00bbdefault\u00bb positioning=\u00bbabsolute\u00bb position_origin_a=\u00bbbottom_left\u00bb position_origin_a_last_edited=\u00bboff|tablet\u00bb position_origin_f_last_edited=\u00bboff|tablet\u00bb position_origin_r_last_edited=\u00bboff|tablet\u00bb width=\u00bb20%\u00bb scroll_fade_enable=\u00bbon\u00bb positioning_last_edited=\u00bboff|tablet\u00bb border_radii=\u00bbon|10px|10px|10px|10px\u00bb global_colors_info=\u00bb{}\u00bb][\/et_pb_image][et_pb_image src=\u00bbhttps:\/\/bolarin.es\/wp-content\/uploads\/2025\/04\/Captura-de-pantalla-2025-04-11-063707.png\u00bb title_text=\u00bbCaptura de pantalla 2025-04-11 063707&#8243; disabled_on=\u00bbon|on|off\u00bb _builder_version=\u00bb4.25.0&#8243; _module_preset=\u00bbdefault\u00bb positioning=\u00bbabsolute\u00bb position_origin_a=\u00bbtop_right\u00bb width=\u00bb19%\u00bb filter_opacity=\u00bb66%\u00bb scroll_blur_enable=\u00bbon\u00bb border_radii=\u00bbon|10px|10px|10px|10px\u00bb global_colors_info=\u00bb{}\u00bb][\/et_pb_image][et_pb_image src=\u00bbhttps:\/\/bolarin.es\/wp-content\/uploads\/2024\/05\/illustration-03.png\u00bb title_text=\u00bbillustration-03&#8243; align_last_edited=\u00bboff|desktop\u00bb disabled_on=\u00bbon|on|off\u00bb _builder_version=\u00bb4.25.0&#8243; _module_preset=\u00bbdefault\u00bb positioning=\u00bbabsolute\u00bb position_origin_a=\u00bbbottom_right\u00bb position_origin_a_last_edited=\u00bboff|tablet\u00bb position_origin_f_last_edited=\u00bboff|tablet\u00bb position_origin_r_last_edited=\u00bboff|tablet\u00bb width=\u00bb18%\u00bb filter_hue_rotate=\u00bb55deg\u00bb scroll_rotating_enable=\u00bbon\u00bb scroll_rotating=\u00bb0|50|50|100|-30\u00b0|0|30\u00b0\u00bb positioning_last_edited=\u00bboff|tablet\u00bb global_colors_info=\u00bb{}\u00bb][\/et_pb_image][\/et_pb_column][\/et_pb_row][\/et_pb_section][et_pb_section fb_built=\u00bb1&#8243; admin_label=\u00bbServices\u00bb _builder_version=\u00bb4.22.0&#8243; _module_preset=\u00bbdefault\u00bb collapsed=\u00bbon\u00bb global_colors_info=\u00bb{}\u00bb][et_pb_row column_structure=\u00bb2_5,3_5&#8243; _builder_version=\u00bb4.22.0&#8243; _module_preset=\u00bbdefault\u00bb max_width=\u00bb1800px\u00bb global_colors_info=\u00bb{}\u00bb][et_pb_column type=\u00bb2_5&#8243; _builder_version=\u00bb4.22.0&#8243; _module_preset=\u00bbdefault\u00bb global_colors_info=\u00bb{}\u00bb][et_pb_icon font_icon=\u00bb&#xf49e;||fa||900&#8243; icon_color=\u00bbgcid-primary-color\u00bb _builder_version=\u00bb4.25.0&#8243; _module_preset=\u00bbdefault\u00bb global_colors_info=\u00bb{%22gcid-primary-color%22:%91%22icon_color%22%93}\u00bb][\/et_pb_icon][et_pb_text _builder_version=\u00bb4.25.0&#8243; _module_preset=\u00bbccbe8343-1360-42c1-b739-ac4885615d93&#8243; custom_margin=\u00bb||0px||false|false\u00bb global_colors_info=\u00bb{}\u00bb]<\/p>\n<h5>Experiencia<\/h5>\n<p>[\/et_pb_text][et_pb_text _builder_version=\u00bb4.25.0&#8243; _module_preset=\u00bb15036c77-19a6-460b-b39b-d990172487b3&#8243; text_font_size=\u00bb16px\u00bb global_colors_info=\u00bb{}\u00bb]<\/p>\n<p><span>Contamos con m\u00e1s de 30 a\u00f1os de trayectoria en el mercado nacional e internacional, respaldados por un equipo de profesionales altamente cualificados y un responsable t\u00e9cnico con amplia experiencia\u00a0en\u00a0el\u00a0sector.<\/span><\/p>\n<p>[\/et_pb_text][et_pb_icon font_icon=\u00bb&#xf40d;||fa||400&#8243; icon_color=\u00bbgcid-primary-color\u00bb _builder_version=\u00bb4.25.0&#8243; _module_preset=\u00bbdefault\u00bb global_colors_info=\u00bb{%22gcid-primary-color%22:%91%22icon_color%22%93}\u00bb][\/et_pb_icon][et_pb_text _builder_version=\u00bb4.25.0&#8243; _module_preset=\u00bbccbe8343-1360-42c1-b739-ac4885615d93&#8243; custom_margin=\u00bb||0px||false|false\u00bb global_colors_info=\u00bb{}\u00bb]<\/p>\n<h5>Especializaci\u00f3n<\/h5>\n<p>[\/et_pb_text][et_pb_text _builder_version=\u00bb4.25.0&#8243; _module_preset=\u00bb15036c77-19a6-460b-b39b-d990172487b3&#8243; text_font_size=\u00bb16px\u00bb custom_margin=\u00bb||98px|||\u00bb global_colors_info=\u00bb{}\u00bb]<\/p>\n<div class=\"elementToProof\" data-identifyelement=\"386\">Dise\u00f1o y fabricaci\u00f3n de equipos para procesos industriales en el \u00e1mbito de la calderer\u00eda.<\/div>\n<div class=\"elementToProof\" data-identifyelement=\"387\">Mantenimiento, revisi\u00f3n y certificaci\u00f3n de equipos a presi\u00f3n conforme a la normativa vigente.<\/div>\n<div class=\"elementToProof\" data-identifyelement=\"388\">Habilitaci\u00f3n como Empresa Instaladora EIP-2 y Empresa Instaladora ERP-2, seg\u00fan el Reglamento de Equipos\u00a0a\u00a0Presi\u00f3n.<\/div>\n<p>[\/et_pb_text][\/et_pb_column][et_pb_column type=\u00bb3_5&#8243; _builder_version=\u00bb4.22.0&#8243; _module_preset=\u00bbdefault\u00bb global_colors_info=\u00bb{}\u00bb][et_pb_image src=\u00bbhttps:\/\/bolarin.es\/wp-content\/uploads\/2025\/04\/IMG_1209-scaled.jpg\u00bb title_text=\u00bbIMG_1209&#8243; align=\u00bbcenter\u00bb _builder_version=\u00bb4.25.0&#8243; _module_preset=\u00bbdefault\u00bb width=\u00bb55%\u00bb border_radii=\u00bbon|10px|10px|10px|10px\u00bb global_colors_info=\u00bb{}\u00bb][\/et_pb_image][\/et_pb_column][\/et_pb_row][\/et_pb_section]<\/p>\n","protected":false},"excerpt":{"rendered":"<p>Entendemos que cada proyecto es \u00fanico.\u00a0Por eso, ofrecemos un servicio integral que abarca todas las fases del desarrollo: desde la idea inicial hasta la puesta en marcha final. Nuestro equipo trabaja codo a codo con cada cliente para entender sus necesidades, resolver cualquier reto t\u00e9cnico y asegurar que el resultado supere sus expectativas.Contamos con un [&hellip;]<\/p>\n","protected":false},"author":1,"featured_media":0,"parent":0,"menu_order":0,"comment_status":"closed","ping_status":"closed","template":"","meta":{"_et_pb_use_builder":"on","_et_pb_old_content":"","_et_gb_content_width":"","footnotes":""},"class_list":["post-26","page","type-page","status-publish","hentry"],"_links":{"self":[{"href":"https:\/\/bolarin.es\/es\/wp-json\/wp\/v2\/pages\/26","targetHints":{"allow":["GET"]}}],"collection":[{"href":"https:\/\/bolarin.es\/es\/wp-json\/wp\/v2\/pages"}],"about":[{"href":"https:\/\/bolarin.es\/es\/wp-json\/wp\/v2\/types\/page"}],"author":[{"embeddable":true,"href":"https:\/\/bolarin.es\/es\/wp-json\/wp\/v2\/users\/1"}],"replies":[{"embeddable":true,"href":"https:\/\/bolarin.es\/es\/wp-json\/wp\/v2\/comments?post=26"}],"version-history":[{"count":59,"href":"https:\/\/bolarin.es\/es\/wp-json\/wp\/v2\/pages\/26\/revisions"}],"predecessor-version":[{"id":765,"href":"https:\/\/bolarin.es\/es\/wp-json\/wp\/v2\/pages\/26\/revisions\/765"}],"wp:attachment":[{"href":"https:\/\/bolarin.es\/es\/wp-json\/wp\/v2\/media?parent=26"}],"curies":[{"name":"wp","href":"https:\/\/api.w.org\/{rel}","templated":true}]}}