{"id":44,"date":"2024-05-06T11:18:51","date_gmt":"2024-05-06T09:18:51","guid":{"rendered":"https:\/\/bolarin.es\/?page_id=44"},"modified":"2025-06-20T14:32:49","modified_gmt":"2025-06-20T12:32:49","slug":"44-2","status":"publish","type":"page","link":"https:\/\/bolarin.es\/es\/44-2\/","title":{"rendered":"Servicios"},"content":{"rendered":"<p>[et_pb_section fb_built=\u00bb1&#8243; admin_label=\u00bbHeader\u00bb _builder_version=\u00bb4.25.0&#8243; _module_preset=\u00bbdefault\u00bb background_image=\u00bbhttps:\/\/bolarin.es\/wp-content\/uploads\/2025\/06\/Disseny-1.jpg\u00bb parallax=\u00bbon\u00bb overflow-x=\u00bbhidden\u00bb overflow-y=\u00bbhidden\u00bb collapsed=\u00bbon\u00bb global_colors_info=\u00bb{}\u00bb min_height=\u00bb701.7px\u00bb][et_pb_row _builder_version=\u00bb4.25.0&#8243; _module_preset=\u00bbdefault\u00bb background_enable_image=\u00bboff\u00bb parallax=\u00bbon\u00bb width=\u00bb65%\u00bb max_width=\u00bb1800px\u00bb border_radii=\u00bbon|10px|10px|10px|10px\u00bb global_colors_info=\u00bb{}\u00bb][et_pb_column type=\u00bb4_4&#8243; _builder_version=\u00bb4.22.0&#8243; _module_preset=\u00bbdefault\u00bb global_colors_info=\u00bb{}\u00bb][et_pb_text _builder_version=\u00bb4.25.0&#8243; _module_preset=\u00bb573b2095-974e-4bde-8446-5a408fed7815&#8243; header_font_size=\u00bb60px\u00bb text_orientation=\u00bbcenter\u00bb custom_margin=\u00bb||70px|||\u00bb global_colors_info=\u00bb{}\u00bb]<\/p>\n<h1>Nuestros Servicios<\/h1>\n<p>[\/et_pb_text][et_pb_text _builder_version=\u00bb4.25.0&#8243; _module_preset=\u00bbe33127f0-926f-40ab-8d0a-7208be5065ee\u00bb text_text_color=\u00bb#000000&#8243; width=\u00bb77%\u00bb module_alignment=\u00bbcenter\u00bb locked=\u00bboff\u00bb global_colors_info=\u00bb{}\u00bb]<\/p>\n<div data-identifyelement=\"411\">\n<div data-identifyelement=\"412\">\n<div>\n<div>Nuestra f\u00e1brica est\u00e1 equipada con maquinaria moderna, dise\u00f1ada para responder a los m\u00e1s altos niveles de exigencia y adaptarse a las necesidades cambiantes de nuestros clientes. Invertimos constantemente en la mejora de nuestros procesos productivos, incorporando las \u00faltimas innovaciones tecnol\u00f3gicas disponibles en el mercado.<\/div>\n<div><\/div>\n<div><\/div>\n<div><\/div>\n<div><\/div>\n<div><\/div>\n<div><\/div>\n<div><\/div>\n<\/div>\n<div>\n<div>Hemos ampliado nuestra capacidad productiva con la incorporaci\u00f3n de una nueva m\u00e1quina l\u00e1ser de \u00faltima generaci\u00f3n. Estamos entusiasmados con esta mejora, que nos permitir\u00e1 seguir ofreciendo un servicio a\u00fan m\u00e1s \u00e1gil, preciso y competitivo.<\/div>\n<\/div>\n<\/div>\n<\/div>\n<div data-identifyelement=\"415\"><\/div>\n<p>[\/et_pb_text][et_pb_button button_url=\u00bb@ET-DC@eyJkeW5hbWljIjp0cnVlLCJjb250ZW50IjoicG9zdF9saW5rX3VybF9wYWdlIiwic2V0dGluZ3MiOnsicG9zdF9pZCI6IjU5In19@\u00bb button_text=\u00bbContactanos\u00bb button_alignment=\u00bbcenter\u00bb _builder_version=\u00bb4.25.0&#8243; _dynamic_attributes=\u00bbbutton_url\u00bb _module_preset=\u00bbd09a2117-008c-478c-bcef-edbc4a213bfe\u00bb button_bg_color=\u00bbgcid-primary-color\u00bb button_border_radius=\u00bb10px\u00bb background_layout=\u00bbdark\u00bb global_colors_info=\u00bb{%22gcid-f1e65d51-fa2f-4bf0-b2c1-8eab7001e8fd%22:%91%22button_bg_color%22%93,%22gcid-primary-color%22:%91%22button_bg_color%22%93}\u00bb][\/et_pb_button][\/et_pb_column][\/et_pb_row][\/et_pb_section][et_pb_section fb_built=\u00bb1&#8243; admin_label=\u00bbFeature\u00bb _builder_version=\u00bb4.24.0&#8243; _module_preset=\u00bbdefault\u00bb background_color=\u00bbgcid-a93f2103-1d8b-43bb-b21d-81d84bba8b15&#8243; use_background_color_gradient=\u00bbon\u00bb background_color_gradient_stops=\u00bb#f2f0eb 0%|#ffffff 100%\u00bb custom_padding=\u00bb0px|||||\u00bb locked=\u00bboff\u00bb global_colors_info=\u00bb{%22gcid-a93f2103-1d8b-43bb-b21d-81d84bba8b15%22:%91%22background_color%22%93}\u00bb][et_pb_row make_equal=\u00bbon\u00bb _builder_version=\u00bb4.24.0&#8243; _module_preset=\u00bbdefault\u00bb max_width=\u00bb1800px\u00bb locked=\u00bboff\u00bb global_colors_info=\u00bb{}\u00bb][et_pb_column type=\u00bb4_4&#8243; _builder_version=\u00bb4.22.0&#8243; _module_preset=\u00bbdefault\u00bb global_colors_info=\u00bb{}\u00bb][et_pb_text _builder_version=\u00bb4.25.0&#8243; _module_preset=\u00bb303ef948-7385-4242-8a78-05c2f2a9c245&#8243; header_2_font_size=\u00bb48px\u00bb text_orientation=\u00bbcenter\u00bb custom_margin=\u00bb||10px||false|false\u00bb global_colors_info=\u00bb{}\u00bb]<\/p>\n<h3>Disponemos de 1000 m\u00b2 de instalaciones con maquinaria especializada y homologada<\/h3>\n<p>[\/et_pb_text][\/et_pb_column][\/et_pb_row][et_pb_row column_structure=\u00bb1_3,1_3,1_3&#8243; make_equal=\u00bbon\u00bb _builder_version=\u00bb4.25.0&#8243; _module_preset=\u00bbdefault\u00bb max_width=\u00bb1800px\u00bb locked=\u00bboff\u00bb global_colors_info=\u00bb{}\u00bb][et_pb_column type=\u00bb1_3&#8243; _builder_version=\u00bb4.25.0&#8243; _module_preset=\u00bbdefault\u00bb custom_padding=\u00bb30px|30px|30px|30px|true|true\u00bb border_radii=\u00bbon|10px|10px|10px|10px\u00bb border_width_all=\u00bb2px\u00bb border_color_all=\u00bbrgba(0,0,0,0.12)\u00bb global_colors_info=\u00bb{}\u00bb][et_pb_text _builder_version=\u00bb4.24.0&#8243; _module_preset=\u00bb6d10e5b7-22f7-48f5-a9c2-4d28f1c48c67&#8243; locked=\u00bboff\u00bb global_colors_info=\u00bb{}\u00bb]<\/p>\n<p>Fabricantes de tubos de aleta desde 3\/8\u2033 hasta 3\u2033. En acero, al carbono e inoxidable.<\/p>\n<p>[\/et_pb_text][\/et_pb_column][et_pb_column type=\u00bb1_3&#8243; _builder_version=\u00bb4.25.0&#8243; _module_preset=\u00bbdefault\u00bb custom_padding=\u00bb30px|30px|30px|30px|true|true\u00bb border_radii=\u00bbon|10px|10px|10px|10px\u00bb border_width_all=\u00bb2px\u00bb border_color_all=\u00bbrgba(0,0,0,0.12)\u00bb global_colors_info=\u00bb{}\u00bb][et_pb_text _builder_version=\u00bb4.25.0&#8243; _module_preset=\u00bb6d10e5b7-22f7-48f5-a9c2-4d28f1c48c67&#8243; locked=\u00bboff\u00bb global_colors_info=\u00bb{}\u00bb]<\/p>\n<p>Fabricaci\u00f3n de puertas, escaleras, altillos, plataformas.<\/p>\n<p>[\/et_pb_text][\/et_pb_column][et_pb_column type=\u00bb1_3&#8243; _builder_version=\u00bb4.25.0&#8243; _module_preset=\u00bbdefault\u00bb custom_padding=\u00bb30px|30px|30px|30px|true|true\u00bb border_radii=\u00bbon|10px|10px|10px|10px\u00bb border_width_all=\u00bb2px\u00bb border_color_all=\u00bbrgba(0,0,0,0.12)\u00bb global_colors_info=\u00bb{}\u00bb][et_pb_text _builder_version=\u00bb4.24.0&#8243; _module_preset=\u00bb6d10e5b7-22f7-48f5-a9c2-4d28f1c48c67&#8243; locked=\u00bboff\u00bb global_colors_info=\u00bb{}\u00bb]<\/p>\n<p>Fabricamos bater\u00edas de vapor y aceite t\u00e9rmico, intercambiadores y economizadores.<\/p>\n<p>[\/et_pb_text][\/et_pb_column][\/et_pb_row][et_pb_row column_structure=\u00bb1_3,1_3,1_3&#8243; make_equal=\u00bbon\u00bb _builder_version=\u00bb4.25.0&#8243; _module_preset=\u00bbdefault\u00bb max_width=\u00bb1800px\u00bb locked=\u00bboff\u00bb global_colors_info=\u00bb{}\u00bb][et_pb_column type=\u00bb1_3&#8243; _builder_version=\u00bb4.25.0&#8243; _module_preset=\u00bbdefault\u00bb custom_padding=\u00bb30px|30px|30px|30px|true|true\u00bb border_radii=\u00bbon|10px|10px|10px|10px\u00bb border_width_all=\u00bb2px\u00bb border_color_all=\u00bbrgba(0,0,0,0.12)\u00bb global_colors_info=\u00bb{}\u00bb][et_pb_text _builder_version=\u00bb4.24.0&#8243; _module_preset=\u00bb6d10e5b7-22f7-48f5-a9c2-4d28f1c48c67&#8243; locked=\u00bboff\u00bb global_colors_info=\u00bb{}\u00bb]<\/p>\n<p>Aletas con L y corrugadas.<\/p>\n<p>[\/et_pb_text][\/et_pb_column][et_pb_column type=\u00bb1_3&#8243; _builder_version=\u00bb4.25.0&#8243; _module_preset=\u00bbdefault\u00bb custom_padding=\u00bb30px|30px|30px|30px|true|true\u00bb border_radii=\u00bbon|10px|10px|10px|10px\u00bb border_width_all=\u00bb2px\u00bb border_color_all=\u00bbrgba(0,0,0,0.12)\u00bb global_colors_info=\u00bb{}\u00bb][et_pb_text _builder_version=\u00bb4.25.0&#8243; _module_preset=\u00bb6d10e5b7-22f7-48f5-a9c2-4d28f1c48c67&#8243; locked=\u00bboff\u00bb global_colors_info=\u00bb{}\u00bb]<\/p>\n<p>Suministramos calderas de aceite t\u00e9rmico, agua y vapor.<\/p>\n<p>[\/et_pb_text][\/et_pb_column][et_pb_column type=\u00bb1_3&#8243; _builder_version=\u00bb4.25.0&#8243; _module_preset=\u00bbdefault\u00bb custom_padding=\u00bb30px|30px|30px|30px|true|true\u00bb border_radii=\u00bbon|10px|10px|10px|10px\u00bb border_width_all=\u00bb2px\u00bb border_color_all=\u00bbrgba(0,0,0,0.12)\u00bb global_colors_info=\u00bb{}\u00bb][et_pb_text _builder_version=\u00bb4.24.0&#8243; _module_preset=\u00bb6d10e5b7-22f7-48f5-a9c2-4d28f1c48c67&#8243; locked=\u00bboff\u00bb global_colors_info=\u00bb{}\u00bb]<\/p>\n<p>Instalaciones de gas de alta y baja presi\u00f3n.<\/p>\n<p>[\/et_pb_text][\/et_pb_column][\/et_pb_row][et_pb_row column_structure=\u00bb1_3,1_3,1_3&#8243; make_equal=\u00bbon\u00bb _builder_version=\u00bb4.25.0&#8243; _module_preset=\u00bbdefault\u00bb max_width=\u00bb1800px\u00bb locked=\u00bboff\u00bb global_colors_info=\u00bb{}\u00bb][et_pb_column type=\u00bb1_3&#8243; _builder_version=\u00bb4.25.0&#8243; _module_preset=\u00bbdefault\u00bb custom_padding=\u00bb30px|30px|30px|30px|true|true\u00bb border_radii=\u00bbon|10px|10px|10px|10px\u00bb border_width_all=\u00bb2px\u00bb border_color_all=\u00bbrgba(0,0,0,0.12)\u00bb global_colors_info=\u00bb{}\u00bb][et_pb_text _builder_version=\u00bb4.25.0&#8243; _module_preset=\u00bb6d10e5b7-22f7-48f5-a9c2-4d28f1c48c67&#8243; locked=\u00bboff\u00bb global_colors_info=\u00bb{}\u00bb]<\/p>\n<p>Hacemos instalaciones industriales de vapor, aceite t\u00e9rmico, agua y aire comprimido.<\/p>\n<p>[\/et_pb_text][\/et_pb_column][et_pb_column type=\u00bb1_3&#8243; _builder_version=\u00bb4.25.0&#8243; _module_preset=\u00bbdefault\u00bb custom_padding=\u00bb30px|30px|30px|30px|true|true\u00bb border_radii=\u00bbon|10px|10px|10px|10px\u00bb border_width_all=\u00bb2px\u00bb border_color_all=\u00bbrgba(0,0,0,0.12)\u00bb global_colors_info=\u00bb{}\u00bb][et_pb_text _builder_version=\u00bb4.25.0&#8243; _module_preset=\u00bb6d10e5b7-22f7-48f5-a9c2-4d28f1c48c67&#8243; locked=\u00bboff\u00bb global_colors_info=\u00bb{}\u00bb]<\/p>\n<p>Instalaciones industriales de climatizaci\u00f3n y calefacci\u00f3n.<\/p>\n<p>[\/et_pb_text][\/et_pb_column][et_pb_column type=\u00bb1_3&#8243; _builder_version=\u00bb4.25.0&#8243; _module_preset=\u00bbdefault\u00bb custom_padding=\u00bb30px|30px|30px|30px|true|true\u00bb border_radii=\u00bbon|10px|10px|10px|10px\u00bb border_width_all=\u00bb2px\u00bb border_color_all=\u00bbrgba(0,0,0,0.12)\u00bb global_colors_info=\u00bb{}\u00bb][et_pb_text _builder_version=\u00bb4.24.0&#8243; _module_preset=\u00bb6d10e5b7-22f7-48f5-a9c2-4d28f1c48c67&#8243; locked=\u00bboff\u00bb global_colors_info=\u00bb{}\u00bb]<\/p>\n<p>Construcci\u00f3n de dep\u00f3sitos de acero en carbono e inoxidable.<\/p>\n<p>[\/et_pb_text][\/et_pb_column][\/et_pb_row][\/et_pb_section]<\/p>\n","protected":false},"excerpt":{"rendered":"<p>Nuestros Servicios Nuestra f\u00e1brica est\u00e1 equipada con maquinaria moderna, dise\u00f1ada para responder a los m\u00e1s altos niveles de exigencia y adaptarse a las necesidades cambiantes de nuestros clientes. Invertimos constantemente en la mejora de nuestros procesos productivos, incorporando las \u00faltimas innovaciones tecnol\u00f3gicas disponibles en el mercado. Hemos ampliado nuestra capacidad productiva con la incorporaci\u00f3n de [&hellip;]<\/p>\n","protected":false},"author":1,"featured_media":0,"parent":0,"menu_order":0,"comment_status":"closed","ping_status":"closed","template":"","meta":{"_et_pb_use_builder":"on","_et_pb_old_content":"","_et_gb_content_width":"","footnotes":""},"class_list":["post-44","page","type-page","status-publish","hentry"],"_links":{"self":[{"href":"https:\/\/bolarin.es\/es\/wp-json\/wp\/v2\/pages\/44","targetHints":{"allow":["GET"]}}],"collection":[{"href":"https:\/\/bolarin.es\/es\/wp-json\/wp\/v2\/pages"}],"about":[{"href":"https:\/\/bolarin.es\/es\/wp-json\/wp\/v2\/types\/page"}],"author":[{"embeddable":true,"href":"https:\/\/bolarin.es\/es\/wp-json\/wp\/v2\/users\/1"}],"replies":[{"embeddable":true,"href":"https:\/\/bolarin.es\/es\/wp-json\/wp\/v2\/comments?post=44"}],"version-history":[{"count":21,"href":"https:\/\/bolarin.es\/es\/wp-json\/wp\/v2\/pages\/44\/revisions"}],"predecessor-version":[{"id":763,"href":"https:\/\/bolarin.es\/es\/wp-json\/wp\/v2\/pages\/44\/revisions\/763"}],"wp:attachment":[{"href":"https:\/\/bolarin.es\/es\/wp-json\/wp\/v2\/media?parent=44"}],"curies":[{"name":"wp","href":"https:\/\/api.w.org\/{rel}","templated":true}]}}