{"id":48,"date":"2024-05-06T11:28:15","date_gmt":"2024-05-06T09:28:15","guid":{"rendered":"https:\/\/bolarin.es\/?page_id=48"},"modified":"2025-06-20T14:35:42","modified_gmt":"2025-06-20T12:35:42","slug":"48-2","status":"publish","type":"page","link":"https:\/\/bolarin.es\/es\/48-2\/","title":{"rendered":"Empresa"},"content":{"rendered":"<p>[et_pb_section fb_built=\u00bb1&#8243; admin_label=\u00bbHeader\u00bb _builder_version=\u00bb4.25.0&#8243; _module_preset=\u00bbdefault\u00bb background_color=\u00bbgcid-a93f2103-1d8b-43bb-b21d-81d84bba8b15&#8243; background_image=\u00bbhttps:\/\/bolarin.es\/wp-content\/uploads\/2025\/05\/Untitled-design.png\u00bb parallax=\u00bbon\u00bb custom_padding=\u00bb102px||68px|||\u00bb collapsed=\u00bbon\u00bb global_colors_info=\u00bb{%22gcid-a93f2103-1d8b-43bb-b21d-81d84bba8b15%22:%91%22background_color%22%93}\u00bb min_height=\u00bb720.2px\u00bb][et_pb_row _builder_version=\u00bb4.24.0&#8243; _module_preset=\u00bbdefault\u00bb max_width=\u00bb1800px\u00bb global_colors_info=\u00bb{}\u00bb][et_pb_column type=\u00bb4_4&#8243; _builder_version=\u00bb4.22.0&#8243; _module_preset=\u00bbdefault\u00bb global_colors_info=\u00bb{}\u00bb][et_pb_text _builder_version=\u00bb4.25.0&#8243; _module_preset=\u00bb2e225148-f171-4717-a0ec-6b88b22d0f9e\u00bb header_font_size=\u00bb60px\u00bb text_orientation=\u00bbcenter\u00bb global_colors_info=\u00bb{}\u00bb]<\/p>\n<h1>Sobre nosotros<\/h1>\n<p>[\/et_pb_text][\/et_pb_column][\/et_pb_row][et_pb_row _builder_version=\u00bb4.25.0&#8243; _module_preset=\u00bbdefault\u00bb width=\u00bb65%\u00bb max_width=\u00bb1800px\u00bb global_colors_info=\u00bb{}\u00bb][et_pb_column type=\u00bb4_4&#8243; _builder_version=\u00bb4.22.0&#8243; _module_preset=\u00bbdefault\u00bb global_colors_info=\u00bb{}\u00bb][et_pb_text _builder_version=\u00bb4.25.0&#8243; _module_preset=\u00bbe33127f0-926f-40ab-8d0a-7208be5065ee\u00bb text_text_color=\u00bb#000000&#8243; width=\u00bb77%\u00bb module_alignment=\u00bbcenter\u00bb custom_margin=\u00bb||77px|||\u00bb global_colors_info=\u00bb{}\u00bb]<\/p>\n<div data-identifyelement=\"411\">\n<div data-identifyelement=\"412\">Somos una empresa familiar con ra\u00edces s\u00f3lidas y una trayectoria que se remonta al a\u00f1o 2001. Nuestra historia, sin embargo, empieza mucho antes: acumulamos m\u00e1s de 40 a\u00f1os de experiencia previa en el sector, lo que nos ha permitido consolidar un conocimiento t\u00e9cnico y una visi\u00f3n clara de las necesidades del mercado.<\/div>\n<\/div>\n<div data-identifyelement=\"413\">\n<div data-identifyelement=\"414\">Desde nuestros inicios, nos hemos comprometido con una filosof\u00eda de trabajo basada en la calidad, la seriedad y la cercan\u00eda al cliente. Nuestro objetivo siempre ha sido ofrecer productos y servicios que cumplan con los m\u00e1s altos est\u00e1ndares, manteniendo a la vez precios competitivos y un trato directo y personalizado.<\/div>\n<\/div>\n<div data-identifyelement=\"415\">\n<div data-identifyelement=\"416\">A lo largo de los a\u00f1os, hemos construido relaciones s\u00f3lidas y duraderas con nuestros clientes, basadas en la confianza, la transparencia y el compromiso. Para nosotros, cada proyecto es una oportunidad de demostrar nuestro saber, hacer y seguir creciendo juntos.<\/div>\n<\/div>\n<p>[\/et_pb_text][\/et_pb_column][\/et_pb_row][\/et_pb_section]<\/p>\n","protected":false},"excerpt":{"rendered":"<p>Sobre nosotros Somos una empresa familiar con ra\u00edces s\u00f3lidas y una trayectoria que se remonta al a\u00f1o 2001. Nuestra historia, sin embargo, empieza mucho antes: acumulamos m\u00e1s de 40 a\u00f1os de experiencia previa en el sector, lo que nos ha permitido consolidar un conocimiento t\u00e9cnico y una visi\u00f3n clara de las necesidades del mercado. Desde [&hellip;]<\/p>\n","protected":false},"author":1,"featured_media":0,"parent":0,"menu_order":0,"comment_status":"closed","ping_status":"closed","template":"","meta":{"_et_pb_use_builder":"on","_et_pb_old_content":"","_et_gb_content_width":"","footnotes":""},"class_list":["post-48","page","type-page","status-publish","hentry"],"_links":{"self":[{"href":"https:\/\/bolarin.es\/es\/wp-json\/wp\/v2\/pages\/48","targetHints":{"allow":["GET"]}}],"collection":[{"href":"https:\/\/bolarin.es\/es\/wp-json\/wp\/v2\/pages"}],"about":[{"href":"https:\/\/bolarin.es\/es\/wp-json\/wp\/v2\/types\/page"}],"author":[{"embeddable":true,"href":"https:\/\/bolarin.es\/es\/wp-json\/wp\/v2\/users\/1"}],"replies":[{"embeddable":true,"href":"https:\/\/bolarin.es\/es\/wp-json\/wp\/v2\/comments?post=48"}],"version-history":[{"count":19,"href":"https:\/\/bolarin.es\/es\/wp-json\/wp\/v2\/pages\/48\/revisions"}],"predecessor-version":[{"id":766,"href":"https:\/\/bolarin.es\/es\/wp-json\/wp\/v2\/pages\/48\/revisions\/766"}],"wp:attachment":[{"href":"https:\/\/bolarin.es\/es\/wp-json\/wp\/v2\/media?parent=48"}],"curies":[{"name":"wp","href":"https:\/\/api.w.org\/{rel}","templated":true}]}}